{"id":23,"date":"2024-11-04T20:58:00","date_gmt":"2024-11-04T19:58:00","guid":{"rendered":"http:\/\/bluejungleshop.com\/?page_id=23"},"modified":"2024-11-09T17:33:29","modified_gmt":"2024-11-09T16:33:29","slug":"vision-mission-valeurs","status":"publish","type":"page","link":"https:\/\/bluejungleshop.com\/index.php\/vision-mission-valeurs\/","title":{"rendered":"Vision, Mission &amp; Valeurs"},"content":{"rendered":"\n<h3 class=\"wp-block-heading\">Vision<\/h3>\n\n\n\n<p><strong>Cr\u00e9er un univers intemporel o\u00f9 l\u2019artisanat et l&rsquo;authenticit\u00e9 deviennent des essentiels du quotidien.<\/strong><br>Chez Blue Jungle, chaque objet a le potentiel de transformer un espace, d\u2019enrichir un style, et de raconter une histoire. Nous aspirons \u00e0 devenir une r\u00e9f\u00e9rence pour ceux qui recherchent des pi\u00e8ces uniques, faites main, qui allient l\u2019esth\u00e9tique et la durabilit\u00e9.<\/p>\n\n\n\n<div style=\"height:31px\" aria-hidden=\"true\" class=\"wp-block-spacer\"><\/div>\n\n\n\n<h3 class=\"wp-block-heading\">Mission<\/h3>\n\n\n\n<p><strong>Offrir des cr\u00e9ations artisanales, alliant savoir-faire traditionnel et design intemporel, accessibles \u00e0 tous ceux qui partagent notre passion pour l\u2019authenticit\u00e9.<\/strong><br>\u00c0 travers notre site et nos futurs projets, nous souhaitons rendre le fait main plus proche, plus accessible. Blue Jungle s\u2019engage \u00e0 proposer des pi\u00e8ces de qualit\u00e9, con\u00e7ues avec amour et minutie, qui ajoutent une note de singularit\u00e9 \u00e0 chaque int\u00e9rieur et \u00e0 chaque style personnel.<\/p>\n\n\n\n<div style=\"height:31px\" aria-hidden=\"true\" class=\"wp-block-spacer\"><\/div>\n\n\n\n<h3 class=\"wp-block-heading\">Valeurs<\/h3>\n\n\n\n<ul class=\"wp-block-list\">\n<li><strong>Authenticit\u00e9<\/strong><br>Chaque cr\u00e9ation est unique, r\u00e9alis\u00e9e avec soin et patience, pour transmettre la beaut\u00e9 de l\u2019artisanat dans sa forme la plus pure. Nous privil\u00e9gions des mat\u00e9riaux nobles et des techniques qui respectent l\u2019int\u00e9grit\u00e9 de chaque pi\u00e8ce.<\/li>\n\n\n\n<li><strong>Intemporalit\u00e9<\/strong><br>Nos cr\u00e9ations sont con\u00e7ues pour traverser les saisons et les tendances. Blue Jungle valorise un design \u00e9pur\u00e9, inspir\u00e9 par la nature et l&rsquo;\u00e9l\u00e9gance simple des choses bien faites.<\/li>\n\n\n\n<li><strong>Durabilit\u00e9<\/strong><br>En fabriquant des objets qui durent, nous contribuons \u00e0 une consommation plus responsable. Nous choisissons des mat\u00e9riaux de qualit\u00e9, souvent naturels, et des m\u00e9thodes de production respectueuses de l\u2019environnement.<\/li>\n\n\n\n<li><strong>Cr\u00e9ativit\u00e9<\/strong><br>Chaque pi\u00e8ce est une expression artistique. Nous laissons libre cours \u00e0 notre imagination pour donner naissance \u00e0 des objets originaux et inspirants, en gardant toujours \u00e0 l&rsquo;esprit la beaut\u00e9 et la fonctionnalit\u00e9.<\/li>\n<\/ul>\n\n\n\n<ul class=\"wp-block-social-links is-layout-flex wp-block-social-links-is-layout-flex\"><li class=\"wp-social-link wp-social-link-instagram  wp-block-social-link\"><a href=\"https:\/\/www.instagram.com\/bluejungleshop\/\" class=\"wp-block-social-link-anchor\"><svg width=\"24\" height=\"24\" viewBox=\"0 0 24 24\" version=\"1.1\" xmlns=\"http:\/\/www.w3.org\/2000\/svg\" aria-hidden=\"true\" focusable=\"false\"><path d=\"M12,4.622c2.403,0,2.688,0.009,3.637,0.052c0.877,0.04,1.354,0.187,1.671,0.31c0.42,0.163,0.72,0.358,1.035,0.673 c0.315,0.315,0.51,0.615,0.673,1.035c0.123,0.317,0.27,0.794,0.31,1.671c0.043,0.949,0.052,1.234,0.052,3.637 s-0.009,2.688-0.052,3.637c-0.04,0.877-0.187,1.354-0.31,1.671c-0.163,0.42-0.358,0.72-0.673,1.035 c-0.315,0.315-0.615,0.51-1.035,0.673c-0.317,0.123-0.794,0.27-1.671,0.31c-0.949,0.043-1.233,0.052-3.637,0.052 s-2.688-0.009-3.637-0.052c-0.877-0.04-1.354-0.187-1.671-0.31c-0.42-0.163-0.72-0.358-1.035-0.673 c-0.315-0.315-0.51-0.615-0.673-1.035c-0.123-0.317-0.27-0.794-0.31-1.671C4.631,14.688,4.622,14.403,4.622,12 s0.009-2.688,0.052-3.637c0.04-0.877,0.187-1.354,0.31-1.671c0.163-0.42,0.358-0.72,0.673-1.035 c0.315-0.315,0.615-0.51,1.035-0.673c0.317-0.123,0.794-0.27,1.671-0.31C9.312,4.631,9.597,4.622,12,4.622 M12,3 C9.556,3,9.249,3.01,8.289,3.054C7.331,3.098,6.677,3.25,6.105,3.472C5.513,3.702,5.011,4.01,4.511,4.511 c-0.5,0.5-0.808,1.002-1.038,1.594C3.25,6.677,3.098,7.331,3.054,8.289C3.01,9.249,3,9.556,3,12c0,2.444,0.01,2.751,0.054,3.711 c0.044,0.958,0.196,1.612,0.418,2.185c0.23,0.592,0.538,1.094,1.038,1.594c0.5,0.5,1.002,0.808,1.594,1.038 c0.572,0.222,1.227,0.375,2.185,0.418C9.249,20.99,9.556,21,12,21s2.751-0.01,3.711-0.054c0.958-0.044,1.612-0.196,2.185-0.418 c0.592-0.23,1.094-0.538,1.594-1.038c0.5-0.5,0.808-1.002,1.038-1.594c0.222-0.572,0.375-1.227,0.418-2.185 C20.99,14.751,21,14.444,21,12s-0.01-2.751-0.054-3.711c-0.044-0.958-0.196-1.612-0.418-2.185c-0.23-0.592-0.538-1.094-1.038-1.594 c-0.5-0.5-1.002-0.808-1.594-1.038c-0.572-0.222-1.227-0.375-2.185-0.418C14.751,3.01,14.444,3,12,3L12,3z M12,7.378 c-2.552,0-4.622,2.069-4.622,4.622S9.448,16.622,12,16.622s4.622-2.069,4.622-4.622S14.552,7.378,12,7.378z M12,15 c-1.657,0-3-1.343-3-3s1.343-3,3-3s3,1.343,3,3S13.657,15,12,15z M16.804,6.116c-0.596,0-1.08,0.484-1.08,1.08 s0.484,1.08,1.08,1.08c0.596,0,1.08-0.484,1.08-1.08S17.401,6.116,16.804,6.116z\"><\/path><\/svg><span class=\"wp-block-social-link-label screen-reader-text\">Instagram<\/span><\/a><\/li>\n\n<li class=\"wp-social-link wp-social-link-pinterest  wp-block-social-link\"><a href=\"https:\/\/pin.it\/4ZCFocbkb\" class=\"wp-block-social-link-anchor\"><svg width=\"24\" height=\"24\" viewBox=\"0 0 24 24\" version=\"1.1\" xmlns=\"http:\/\/www.w3.org\/2000\/svg\" aria-hidden=\"true\" focusable=\"false\"><path d=\"M12.289,2C6.617,2,3.606,5.648,3.606,9.622c0,1.846,1.025,4.146,2.666,4.878c0.25,0.111,0.381,0.063,0.439-0.169 c0.044-0.175,0.267-1.029,0.365-1.428c0.032-0.128,0.017-0.237-0.091-0.362C6.445,11.911,6.01,10.75,6.01,9.668 c0-2.777,2.194-5.464,5.933-5.464c3.23,0,5.49,2.108,5.49,5.122c0,3.407-1.794,5.768-4.13,5.768c-1.291,0-2.257-1.021-1.948-2.277 c0.372-1.495,1.089-3.112,1.089-4.191c0-0.967-0.542-1.775-1.663-1.775c-1.319,0-2.379,1.309-2.379,3.059 c0,1.115,0.394,1.869,0.394,1.869s-1.302,5.279-1.54,6.261c-0.405,1.666,0.053,4.368,0.094,4.604 c0.021,0.126,0.167,0.169,0.25,0.063c0.129-0.165,1.699-2.419,2.142-4.051c0.158-0.59,0.817-2.995,0.817-2.995 c0.43,0.784,1.681,1.446,3.013,1.446c3.963,0,6.822-3.494,6.822-7.833C20.394,5.112,16.849,2,12.289,2\"><\/path><\/svg><span class=\"wp-block-social-link-label screen-reader-text\">Pinterest<\/span><\/a><\/li>\n\n<li class=\"wp-social-link wp-social-link-mail  wp-block-social-link\"><a href=\"mailto:&#098;&#108;&#117;e&#106;ungl&#101;&#115;&#104;o&#112;&#064;&#103;m&#097;il.&#099;om\" class=\"wp-block-social-link-anchor\"><svg width=\"24\" height=\"24\" viewBox=\"0 0 24 24\" version=\"1.1\" xmlns=\"http:\/\/www.w3.org\/2000\/svg\" aria-hidden=\"true\" focusable=\"false\"><path d=\"M19,5H5c-1.1,0-2,.9-2,2v10c0,1.1.9,2,2,2h14c1.1,0,2-.9,2-2V7c0-1.1-.9-2-2-2zm.5,12c0,.3-.2.5-.5.5H5c-.3,0-.5-.2-.5-.5V9.8l7.5,5.6,7.5-5.6V17zm0-9.1L12,13.6,4.5,7.9V7c0-.3.2-.5.5-.5h14c.3,0,.5.2.5.5v.9z\"><\/path><\/svg><span class=\"wp-block-social-link-label screen-reader-text\">E-mail<\/span><\/a><\/li><\/ul>\n","protected":false},"excerpt":{"rendered":"<p>Vision Cr\u00e9er un univers intemporel o\u00f9 l\u2019artisanat et l&rsquo;authenticit\u00e9 deviennent des essentiels du quotidien.Chez Blue Jungle, chaque objet a le potentiel de transformer un espace, d\u2019enrichir un style, et de raconter une histoire. Nous aspirons \u00e0 devenir une r\u00e9f\u00e9rence pour ceux qui recherchent des pi\u00e8ces uniques, faites main, qui allient l\u2019esth\u00e9tique et la durabilit\u00e9. Mission [&hellip;]<\/p>\n","protected":false},"author":1,"featured_media":0,"parent":0,"menu_order":0,"comment_status":"closed","ping_status":"closed","template":"","meta":{"_themeisle_gutenberg_block_has_review":false,"footnotes":""},"class_list":["post-23","page","type-page","status-publish","hentry"],"aioseo_notices":[],"jetpack_sharing_enabled":true,"jetpack-related-posts":[{"id":49,"url":"https:\/\/bluejungleshop.com\/index.php\/a-propos\/","url_meta":{"origin":23,"position":0},"title":"Histoire","author":"Blue Jungle","date":"5 novembre 2024","format":false,"excerpt":"Bienvenue chez Blue Jungle, o\u00f9 la passion pour l'artisanat rencontre un style intemporel et \u00e9l\u00e9gant. Mon but ? Vous offrir un espace o\u00f9 chaque objet raconte une histoire, o\u00f9 chaque cr\u00e9ation faite main ajoute une touche d'authenticit\u00e9 et de caract\u00e8re \u00e0 votre quotidien et partager des nouveaut\u00e9s ou astuces \u00e0\u2026","rel":"","context":"Article similaire","block_context":{"text":"Article similaire","link":""},"img":{"alt_text":"","src":"","width":0,"height":0},"classes":[]},{"id":38,"url":"https:\/\/bluejungleshop.com\/index.php\/qui-suis-je\/","url_meta":{"origin":23,"position":1},"title":"Qui suis-je ?","author":"Blue Jungle","date":"4 novembre 2024","format":false,"excerpt":"A propos de la creatrice Emeline Chartier Passionn\u00e9e d\u2019artisanat et de cr\u00e9ations authentiques, je suis l\u2019\u00e2me derri\u00e8re Blue Jungle. Depuis toujours, j\u2019ai un amour pour les objets uniques, ceux qui racontent une histoire et qui sont fabriqu\u00e9s avec soin et intention. Mon parcours m\u2019a amen\u00e9e \u00e0 explorer diverses formes d\u2019art\u2026","rel":"","context":"Article similaire","block_context":{"text":"Article similaire","link":""},"img":{"alt_text":"","src":"https:\/\/i0.wp.com\/bluejungleshop.com\/wp-content\/uploads\/2024\/11\/Portrait.png?resize=350%2C200&ssl=1","width":350,"height":200,"srcset":"https:\/\/i0.wp.com\/bluejungleshop.com\/wp-content\/uploads\/2024\/11\/Portrait.png?resize=350%2C200&ssl=1 1x, https:\/\/i0.wp.com\/bluejungleshop.com\/wp-content\/uploads\/2024\/11\/Portrait.png?resize=525%2C300&ssl=1 1.5x, https:\/\/i0.wp.com\/bluejungleshop.com\/wp-content\/uploads\/2024\/11\/Portrait.png?resize=700%2C400&ssl=1 2x, https:\/\/i0.wp.com\/bluejungleshop.com\/wp-content\/uploads\/2024\/11\/Portrait.png?resize=1050%2C600&ssl=1 3x"},"classes":[]},{"id":289,"url":"https:\/\/bluejungleshop.com\/index.php\/mentions-legales\/","url_meta":{"origin":23,"position":2},"title":"Mentions l\u00e9gales","author":"Blue Jungle","date":"9 novembre 2024","format":false,"excerpt":"1. Informations l\u00e9gales Conform\u00e9ment aux dispositions des articles 6-III et 19 de la Loi n\u00b0 2004-575 du 21 juin 2004 pour la confiance dans l\u2019\u00e9conomie num\u00e9rique, nous vous informons que : \u00c9diteur du site : Emeline ChartierNom de l'entreprise : Blue JungleAdresse de l'entreprise : 19 rue Fr\u00e9d\u00e9ric Bentayoux33 000\u2026","rel":"","context":"Article similaire","block_context":{"text":"Article similaire","link":""},"img":{"alt_text":"","src":"","width":0,"height":0},"classes":[]},{"id":3,"url":"https:\/\/bluejungleshop.com\/index.php\/politique-de-confidentialite\/","url_meta":{"origin":23,"position":3},"title":"Politique de confidentialit\u00e9","author":"Blue Jungle","date":"4 novembre 2024","format":false,"excerpt":"Introduction La pr\u00e9sente politique de confidentialit\u00e9 a pour objectif de vous informer sur la mani\u00e8re dont Blue Jungle (ci-apr\u00e8s \u00ab nous \u00bb, \u00ab notre \u00bb ou \u00ab nos \u00bb) collecte, utilise, prot\u00e8ge et divulgue vos donn\u00e9es personnelles lorsque vous acc\u00e9dez \u00e0 notre site web www.bluejungle.com (ci-apr\u00e8s \u00ab le Site \u00bb),\u2026","rel":"","context":"Article similaire","block_context":{"text":"Article similaire","link":""},"img":{"alt_text":"","src":"","width":0,"height":0},"classes":[]},{"id":2,"url":"https:\/\/bluejungleshop.com\/index.php\/realisations\/","url_meta":{"origin":23,"position":4},"title":"R\u00e9alisations","author":"Blue Jungle","date":"4 novembre 2024","format":false,"excerpt":"Entrez dans l'univers Blue Jungle en photos D\u00e9couvrez Blue Jungle \u00e0 travers cette galerie photo, un espace o\u00f9 cr\u00e9ativit\u00e9 et savoir-faire se rencontrent. Porte bougie fleur Porte bougie d'antan Oranges s\u00e9ch\u00e9es","rel":"","context":"Article similaire","block_context":{"text":"Article similaire","link":""},"img":{"alt_text":"Illustration des oranges s\u00e9ch\u00e9es","src":"https:\/\/i0.wp.com\/bluejungleshop.com\/wp-content\/uploads\/2024\/11\/Lamour-de-lodeur-fruitee-des-Oranges-sechees-150x150.jpg?resize=350%2C200&ssl=1","width":350,"height":200,"srcset":"https:\/\/i0.wp.com\/bluejungleshop.com\/wp-content\/uploads\/2024\/11\/Lamour-de-lodeur-fruitee-des-Oranges-sechees-150x150.jpg?resize=350%2C200&ssl=1 1x, https:\/\/i0.wp.com\/bluejungleshop.com\/wp-content\/uploads\/2024\/11\/Lamour-de-lodeur-fruitee-des-Oranges-sechees-150x150.jpg?resize=525%2C300&ssl=1 1.5x, https:\/\/i0.wp.com\/bluejungleshop.com\/wp-content\/uploads\/2024\/11\/Lamour-de-lodeur-fruitee-des-Oranges-sechees-150x150.jpg?resize=700%2C400&ssl=1 2x, https:\/\/i0.wp.com\/bluejungleshop.com\/wp-content\/uploads\/2024\/11\/Lamour-de-lodeur-fruitee-des-Oranges-sechees-150x150.jpg?resize=1050%2C600&ssl=1 3x"},"classes":[]}],"_links":{"self":[{"href":"https:\/\/bluejungleshop.com\/index.php\/wp-json\/wp\/v2\/pages\/23","targetHints":{"allow":["GET"]}}],"collection":[{"href":"https:\/\/bluejungleshop.com\/index.php\/wp-json\/wp\/v2\/pages"}],"about":[{"href":"https:\/\/bluejungleshop.com\/index.php\/wp-json\/wp\/v2\/types\/page"}],"author":[{"embeddable":true,"href":"https:\/\/bluejungleshop.com\/index.php\/wp-json\/wp\/v2\/users\/1"}],"replies":[{"embeddable":true,"href":"https:\/\/bluejungleshop.com\/index.php\/wp-json\/wp\/v2\/comments?post=23"}],"version-history":[{"count":10,"href":"https:\/\/bluejungleshop.com\/index.php\/wp-json\/wp\/v2\/pages\/23\/revisions"}],"predecessor-version":[{"id":304,"href":"https:\/\/bluejungleshop.com\/index.php\/wp-json\/wp\/v2\/pages\/23\/revisions\/304"}],"wp:attachment":[{"href":"https:\/\/bluejungleshop.com\/index.php\/wp-json\/wp\/v2\/media?parent=23"}],"curies":[{"name":"wp","href":"https:\/\/api.w.org\/{rel}","templated":true}]}}