{"id":289,"date":"2024-11-09T17:20:14","date_gmt":"2024-11-09T16:20:14","guid":{"rendered":"https:\/\/bluejungleshop.com\/?page_id=289"},"modified":"2024-11-09T17:22:42","modified_gmt":"2024-11-09T16:22:42","slug":"mentions-legales","status":"publish","type":"page","link":"https:\/\/bluejungleshop.com\/index.php\/mentions-legales\/","title":{"rendered":"Mentions l\u00e9gales"},"content":{"rendered":"\n<h4 class=\"wp-block-heading\">1. Informations l\u00e9gales<\/h4>\n\n\n\n<p>Conform\u00e9ment aux dispositions des articles 6-III et 19 de la Loi n\u00b0 2004-575 du 21 juin 2004 pour la confiance dans l\u2019\u00e9conomie num\u00e9rique, nous vous informons que :<\/p>\n\n\n\n<p><strong>\u00c9diteur du site :<\/strong> Emeline Chartier<br><strong>Nom de l&rsquo;entreprise :<\/strong> Blue Jungle<br><strong>Adresse de l&rsquo;entreprise<\/strong> : <br>19 rue Fr\u00e9d\u00e9ric Bentayoux<br>33 000 Bordeaux<br><strong>Adresse email :<\/strong> bluejungleshop@gmail.com<br><strong>Num\u00e9ro de t\u00e9l\u00e9phone :<\/strong> 06 30 89 51 10<br><strong>H\u00e9bergeur du site :<\/strong> OVH<br><strong>Adresse :<\/strong> SAS OVH <br>2 rue Kellermann<br>BP 80157<br>59100 Roubaix<br><strong>T\u00e9l\u00e9phone :<\/strong> 1-855-684-5463<br><strong>Site web :<\/strong> <a href=\"https:\/\/www.ovh.com\/\" target=\"_blank\" rel=\"noreferrer noopener\">https:\/\/www.ovh.com\/<\/a><\/p>\n\n\n\n<h4 class=\"wp-block-heading\">2. Pr\u00e9sentation du site<\/h4>\n\n\n\n<p>Le site <strong><a href=\"www.bluejungle.com\">www.bluejungle.com<\/a><\/strong> a pour objet de fournir des informations sur les cr\u00e9ations artisanales, sur la mode et accessoires f\u00e9minine ainsi que la d\u00e9coration.<\/p>\n\n\n\n<p>Le propri\u00e9taire du site s\u2019efforce de fournir sur le site <strong><a href=\"www.bluejungle.com\">www.bluejungle.com<\/a><\/strong> des informations aussi pr\u00e9cises que possible. Cependant, il ne pourra \u00eatre tenu responsable des omissions, des inexactitudes et des carences dans la mise \u00e0 jour, qu&rsquo;elles soient de son fait ou du fait des tiers partenaires qui lui fournissent ces informations.<\/p>\n\n\n\n<h4 class=\"wp-block-heading\">3. Propri\u00e9t\u00e9 intellectuelle<\/h4>\n\n\n\n<p>Le contenu du site <strong><a href=\"www.bluejungle.com\">www.bluejungle.com<\/a><\/strong>, y compris les textes, images, graphismes, logos, vid\u00e9os, sons, et tout autre \u00e9l\u00e9ment, est la propri\u00e9t\u00e9 exclusive de <strong>Blue Jungle<\/strong> ou de ses partenaires, sauf mention contraire. Toute reproduction, repr\u00e9sentation, modification, publication, transmission, ou exploitation non autoris\u00e9e de ces \u00e9l\u00e9ments, par quelque moyen que ce soit, sans l&rsquo;accord pr\u00e9alable et \u00e9crit de <strong>Blue Jungle<\/strong>, est interdite et constitue une violation des droits de propri\u00e9t\u00e9 intellectuelle.<\/p>\n\n\n\n<p>Les marques et logos affich\u00e9s sur ce site sont des marques d\u00e9pos\u00e9es par <strong>Blue Jungle<\/strong> ou des tiers. Toute reproduction, distribution, modification ou autre utilisation non autoris\u00e9e de ces marques est strictement interdite.<\/p>\n\n\n\n<h4 class=\"wp-block-heading\">4. Responsabilit\u00e9<\/h4>\n\n\n\n<p><strong>Blue Jungle<\/strong> s\u2019efforce de fournir sur le site des informations aussi exactes que possible. Cependant, <strong>Blue Jungle<\/strong> ne peut garantir l&rsquo;exactitude, la compl\u00e9tude ou l&rsquo;actualit\u00e9 des informations diffus\u00e9es sur son site.<\/p>\n\n\n\n<p><strong>Blue Jungle<\/strong> ne pourra \u00eatre tenu responsable des dommages directs ou indirects r\u00e9sultant de l&rsquo;utilisation du site ou de l&rsquo;impossibilit\u00e9 d&rsquo;y acc\u00e9der, que ce soit en raison d&rsquo;un probl\u00e8me technique ou de toute autre cause. En outre, <strong>Blue Jungle<\/strong> ne pourra \u00eatre tenu responsable des dommages r\u00e9sultant de l&rsquo;utilisation de sites externes auxquels vous pouvez acc\u00e9der par des liens hypertextes pr\u00e9sents sur le site.<\/p>\n\n\n\n<h4 class=\"wp-block-heading\">5. Donn\u00e9es personnelles et confidentialit\u00e9<\/h4>\n\n\n\n<p><strong>Blue Jungle<\/strong> s\u2019engage \u00e0 prot\u00e9ger la vie priv\u00e9e de ses utilisateurs et \u00e0 respecter les lois et r\u00e8glements relatifs \u00e0 la protection des donn\u00e9es personnelles.<\/p>\n\n\n\n<p>La collecte et le traitement des donn\u00e9es personnelles sont r\u00e9gis par la <strong>Politique de Confidentialit\u00e9<\/strong> disponible <a href=\"https:\/\/bluejungleshop.com\/index.php\/politique-de-confidentialite\/\" target=\"_blank\" rel=\"noopener\" title=\"\">ici<\/a>.<\/p>\n\n\n\n<p>Vous disposez d\u2019un droit d\u2019acc\u00e8s, de rectification, d\u2019opposition, et de suppression de vos donn\u00e9es personnelles en vous adressant \u00e0 <strong>[adresse email de contact]<\/strong>.<\/p>\n\n\n\n<h4 class=\"wp-block-heading\">6. Cookies<\/h4>\n\n\n\n<p>Le site <strong><a href=\"www.bluejungle.com\">www.bluejungle.com<\/a><\/strong> utilise des cookies pour am\u00e9liorer votre exp\u00e9rience de navigation. Vous pouvez g\u00e9rer vos pr\u00e9f\u00e9rences de cookies via les param\u00e8tres de votre navigateur.<\/p>\n\n\n\n<h4 class=\"wp-block-heading\">7. Liens hypertextes<\/h4>\n\n\n\n<p>Le site peut contenir des liens hypertextes vers d\u2019autres sites web. <strong>Blue Jungle<\/strong> ne saurait \u00eatre tenue responsable du contenu de ces sites ni des pratiques de protection de la vie priv\u00e9e de ces sites tiers.<\/p>\n\n\n\n<h4 class=\"wp-block-heading\">8. Modification des mentions l\u00e9gales<\/h4>\n\n\n\n<p><strong>Blue Jungle<\/strong> se r\u00e9serve le droit de modifier les pr\u00e9sentes mentions l\u00e9gales \u00e0 tout moment. En cas de modification substantielle, les utilisateurs seront inform\u00e9s sur la page d\u2019accueil du site ou par un autre moyen appropri\u00e9.<\/p>\n\n\n\n<h4 class=\"wp-block-heading\">9. Loi applicable<\/h4>\n\n\n\n<p>Les pr\u00e9sentes mentions l\u00e9gales sont r\u00e9gies par la loi fran\u00e7aise. Tout litige relatif \u00e0 l\u2019interpr\u00e9tation ou \u00e0 l&rsquo;ex\u00e9cution des pr\u00e9sentes mentions l\u00e9gales sera soumis aux tribunaux comp\u00e9tents du ressort de Bordeaux, France.<\/p>\n\n\n\n<p><\/p>\n","protected":false},"excerpt":{"rendered":"<p>1. Informations l\u00e9gales Conform\u00e9ment aux dispositions des articles 6-III et 19 de la Loi n\u00b0 2004-575 du 21 juin 2004 pour la confiance dans l\u2019\u00e9conomie num\u00e9rique, nous vous informons que : \u00c9diteur du site : Emeline ChartierNom de l&rsquo;entreprise : Blue JungleAdresse de l&rsquo;entreprise : 19 rue Fr\u00e9d\u00e9ric Bentayoux33 000 BordeauxAdresse email : bluejungleshop@gmail.comNum\u00e9ro de [&hellip;]<\/p>\n","protected":false},"author":1,"featured_media":0,"parent":0,"menu_order":0,"comment_status":"closed","ping_status":"closed","template":"","meta":{"_themeisle_gutenberg_block_has_review":false,"footnotes":""},"class_list":["post-289","page","type-page","status-publish","hentry"],"aioseo_notices":[],"jetpack_sharing_enabled":true,"jetpack-related-posts":[{"id":3,"url":"https:\/\/bluejungleshop.com\/index.php\/politique-de-confidentialite\/","url_meta":{"origin":289,"position":0},"title":"Politique de confidentialit\u00e9","author":"Blue Jungle","date":"4 novembre 2024","format":false,"excerpt":"Introduction La pr\u00e9sente politique de confidentialit\u00e9 a pour objectif de vous informer sur la mani\u00e8re dont Blue Jungle (ci-apr\u00e8s \u00ab nous \u00bb, \u00ab notre \u00bb ou \u00ab nos \u00bb) collecte, utilise, prot\u00e8ge et divulgue vos donn\u00e9es personnelles lorsque vous acc\u00e9dez \u00e0 notre site web www.bluejungle.com (ci-apr\u00e8s \u00ab le Site \u00bb),\u2026","rel":"","context":"Article similaire","block_context":{"text":"Article similaire","link":""},"img":{"alt_text":"","src":"","width":0,"height":0},"classes":[]},{"id":49,"url":"https:\/\/bluejungleshop.com\/index.php\/a-propos\/","url_meta":{"origin":289,"position":1},"title":"Histoire","author":"Blue Jungle","date":"5 novembre 2024","format":false,"excerpt":"Bienvenue chez Blue Jungle, o\u00f9 la passion pour l'artisanat rencontre un style intemporel et \u00e9l\u00e9gant. Mon but ? Vous offrir un espace o\u00f9 chaque objet raconte une histoire, o\u00f9 chaque cr\u00e9ation faite main ajoute une touche d'authenticit\u00e9 et de caract\u00e8re \u00e0 votre quotidien et partager des nouveaut\u00e9s ou astuces \u00e0\u2026","rel":"","context":"Article similaire","block_context":{"text":"Article similaire","link":""},"img":{"alt_text":"","src":"","width":0,"height":0},"classes":[]},{"id":23,"url":"https:\/\/bluejungleshop.com\/index.php\/vision-mission-valeurs\/","url_meta":{"origin":289,"position":2},"title":"Vision, Mission &amp; Valeurs","author":"Blue Jungle","date":"4 novembre 2024","format":false,"excerpt":"Vision Cr\u00e9er un univers intemporel o\u00f9 l\u2019artisanat et l'authenticit\u00e9 deviennent des essentiels du quotidien.Chez Blue Jungle, chaque objet a le potentiel de transformer un espace, d\u2019enrichir un style, et de raconter une histoire. Nous aspirons \u00e0 devenir une r\u00e9f\u00e9rence pour ceux qui recherchent des pi\u00e8ces uniques, faites main, qui allient\u2026","rel":"","context":"Article similaire","block_context":{"text":"Article similaire","link":""},"img":{"alt_text":"","src":"","width":0,"height":0},"classes":[]}],"_links":{"self":[{"href":"https:\/\/bluejungleshop.com\/index.php\/wp-json\/wp\/v2\/pages\/289","targetHints":{"allow":["GET"]}}],"collection":[{"href":"https:\/\/bluejungleshop.com\/index.php\/wp-json\/wp\/v2\/pages"}],"about":[{"href":"https:\/\/bluejungleshop.com\/index.php\/wp-json\/wp\/v2\/types\/page"}],"author":[{"embeddable":true,"href":"https:\/\/bluejungleshop.com\/index.php\/wp-json\/wp\/v2\/users\/1"}],"replies":[{"embeddable":true,"href":"https:\/\/bluejungleshop.com\/index.php\/wp-json\/wp\/v2\/comments?post=289"}],"version-history":[{"count":4,"href":"https:\/\/bluejungleshop.com\/index.php\/wp-json\/wp\/v2\/pages\/289\/revisions"}],"predecessor-version":[{"id":294,"href":"https:\/\/bluejungleshop.com\/index.php\/wp-json\/wp\/v2\/pages\/289\/revisions\/294"}],"wp:attachment":[{"href":"https:\/\/bluejungleshop.com\/index.php\/wp-json\/wp\/v2\/media?parent=289"}],"curies":[{"name":"wp","href":"https:\/\/api.w.org\/{rel}","templated":true}]}}