{"id":95,"date":"2024-11-05T18:19:12","date_gmt":"2024-11-05T17:19:12","guid":{"rendered":"https:\/\/bluejungleshop.com\/?page_id=95"},"modified":"2024-11-14T23:08:00","modified_gmt":"2024-11-14T22:08:00","slug":"contact","status":"publish","type":"page","link":"https:\/\/bluejungleshop.com\/index.php\/contact\/","title":{"rendered":"Contact"},"content":{"rendered":"\n<h3 class=\"wp-block-heading\">Contactez-moi<\/h3>\n\n\n\n<p><strong>Email :<\/strong> <a>bluejungleshop@gmail.com<\/a><br><strong>T\u00e9l\u00e9phone :<\/strong> +33 (0)6 30 89 51 10<\/p>\n\n\n\n<div style=\"height:29px\" aria-hidden=\"true\" class=\"wp-block-spacer\"><\/div>\n\n\n\n<hr class=\"wp-block-separator has-alpha-channel-opacity\"\/>\n\n\n\n<h3 class=\"wp-block-heading\">R\u00e9seaux sociaux<\/h3>\n\n\n\n<p>Rejoignez-moi sur nos r\u00e9seaux pour suivre les derni\u00e8res nouveaut\u00e9s et d\u00e9couvrir en avant-premi\u00e8re les cr\u00e9ations :<\/p>\n\n\n\n<ul class=\"wp-block-list\">\n<li><strong>Instagram<\/strong> : <a href=\"https:\/\/www.instagram.com\/bluejungleshop\/\" target=\"_blank\" rel=\"noreferrer noopener\">@bluejungleshop<\/a><\/li>\n\n\n\n<li><strong>Pinterest<\/strong> : <a href=\"https:\/\/pin.it\/5rZvvaVq7\" target=\"_blank\" rel=\"noreferrer noopener\">@bluejungleshop<\/a><\/li>\n<\/ul>\n\n\n\n<div style=\"height:27px\" aria-hidden=\"true\" class=\"wp-block-spacer\"><\/div>\n\n\n\n<hr class=\"wp-block-separator has-alpha-channel-opacity\"\/>\n\n\n\n<h3 class=\"wp-block-heading\">Formulaire de contact<\/h3>\n\n\n\n<p>Laissez-moi un message via le formulaire ci-dessous, et je reviendrais vers vous dans les meilleurs d\u00e9lais :<\/p>\n\n\n\n<div id=\"wp-block-themeisle-blocks-form-23706cc2\" class=\"wp-block-themeisle-blocks-form\" data-option-name=\"bf9b28ff82ce323187abc5d0feb0d8f07ecd8436_23706cc2\"><form class=\"otter-form__container\">\n<div id=\"wp-block-themeisle-blocks-form-input-71153e7a\" class=\"wp-block-themeisle-blocks-form-input\"><label for=\"wp-block-themeisle-blocks-form-input-71153e7a-input\" class=\"otter-form-input-label\"><span class=\"otter-form-input-label__label\">Nom\/Pr\u00e9nom<\/span><span class=\"required\">*<\/span><\/label><input type=\"text\" id=\"wp-block-themeisle-blocks-form-input-71153e7a-input\" required class=\"otter-form-input\"\/><\/div>\n\n\n\n<div id=\"wp-block-themeisle-blocks-form-input-08c73b81\" class=\"wp-block-themeisle-blocks-form-input\"><label for=\"wp-block-themeisle-blocks-form-input-08c73b81-input\" class=\"otter-form-input-label\"><span class=\"otter-form-input-label__label\">Email<\/span><span class=\"required\">*<\/span><\/label><input type=\"email\" id=\"wp-block-themeisle-blocks-form-input-08c73b81-input\" required class=\"otter-form-input\"\/><\/div>\n\n\n<div class=\"protection\" aria-hidden=\"true\"><input type=\"hidden\" id=\"wp-block-themeisle-blocks-form-23706cc2_nonce_field\" name=\"wp-block-themeisle-blocks-form-23706cc2_nonce_field\" value=\"338f2d9710\" \/><input type=\"hidden\" name=\"_wp_http_referer\" value=\"\/index.php\/wp-json\/wp\/v2\/pages\/95\" \/><input class=\"o-anti-bot\" type=\"checkbox\"><\/div>\n\n\n<div id=\"wp-block-themeisle-blocks-form-textarea-11e3e6d7\" class=\"wp-block-themeisle-blocks-form-textarea\"><label for=\"wp-block-themeisle-blocks-form-textarea-11e3e6d7-input\" class=\"otter-form-textarea-label\"><span class=\"otter-form-textarea-label__label\">Message<\/span><\/label><textarea id=\"wp-block-themeisle-blocks-form-textarea-11e3e6d7-input\" rows=\"10\" class=\"otter-form-textarea-input\"><\/textarea><\/div>\n\n\n\n<p style=\"font-size:13px\"><em>Vous acceptez de recevoir des communications \u00e9lectroniques de notre part en soumettant ce formulaire et comprenez que vos coordonn\u00e9es seront stock\u00e9es chez nous.<\/em><\/p>\n<div class=\"wp-block-button\"><button class=\"wp-block-button__link\" type=\"submit\">Submit<\/button><\/div><\/form><\/div>\n\n\n\n<ul class=\"wp-block-social-links is-layout-flex wp-block-social-links-is-layout-flex\"><li class=\"wp-social-link wp-social-link-instagram  wp-block-social-link\"><a href=\"https:\/\/www.instagram.com\/bluejungleshop\/\" class=\"wp-block-social-link-anchor\"><svg width=\"24\" height=\"24\" viewBox=\"0 0 24 24\" version=\"1.1\" xmlns=\"http:\/\/www.w3.org\/2000\/svg\" aria-hidden=\"true\" focusable=\"false\"><path d=\"M12,4.622c2.403,0,2.688,0.009,3.637,0.052c0.877,0.04,1.354,0.187,1.671,0.31c0.42,0.163,0.72,0.358,1.035,0.673 c0.315,0.315,0.51,0.615,0.673,1.035c0.123,0.317,0.27,0.794,0.31,1.671c0.043,0.949,0.052,1.234,0.052,3.637 s-0.009,2.688-0.052,3.637c-0.04,0.877-0.187,1.354-0.31,1.671c-0.163,0.42-0.358,0.72-0.673,1.035 c-0.315,0.315-0.615,0.51-1.035,0.673c-0.317,0.123-0.794,0.27-1.671,0.31c-0.949,0.043-1.233,0.052-3.637,0.052 s-2.688-0.009-3.637-0.052c-0.877-0.04-1.354-0.187-1.671-0.31c-0.42-0.163-0.72-0.358-1.035-0.673 c-0.315-0.315-0.51-0.615-0.673-1.035c-0.123-0.317-0.27-0.794-0.31-1.671C4.631,14.688,4.622,14.403,4.622,12 s0.009-2.688,0.052-3.637c0.04-0.877,0.187-1.354,0.31-1.671c0.163-0.42,0.358-0.72,0.673-1.035 c0.315-0.315,0.615-0.51,1.035-0.673c0.317-0.123,0.794-0.27,1.671-0.31C9.312,4.631,9.597,4.622,12,4.622 M12,3 C9.556,3,9.249,3.01,8.289,3.054C7.331,3.098,6.677,3.25,6.105,3.472C5.513,3.702,5.011,4.01,4.511,4.511 c-0.5,0.5-0.808,1.002-1.038,1.594C3.25,6.677,3.098,7.331,3.054,8.289C3.01,9.249,3,9.556,3,12c0,2.444,0.01,2.751,0.054,3.711 c0.044,0.958,0.196,1.612,0.418,2.185c0.23,0.592,0.538,1.094,1.038,1.594c0.5,0.5,1.002,0.808,1.594,1.038 c0.572,0.222,1.227,0.375,2.185,0.418C9.249,20.99,9.556,21,12,21s2.751-0.01,3.711-0.054c0.958-0.044,1.612-0.196,2.185-0.418 c0.592-0.23,1.094-0.538,1.594-1.038c0.5-0.5,0.808-1.002,1.038-1.594c0.222-0.572,0.375-1.227,0.418-2.185 C20.99,14.751,21,14.444,21,12s-0.01-2.751-0.054-3.711c-0.044-0.958-0.196-1.612-0.418-2.185c-0.23-0.592-0.538-1.094-1.038-1.594 c-0.5-0.5-1.002-0.808-1.594-1.038c-0.572-0.222-1.227-0.375-2.185-0.418C14.751,3.01,14.444,3,12,3L12,3z M12,7.378 c-2.552,0-4.622,2.069-4.622,4.622S9.448,16.622,12,16.622s4.622-2.069,4.622-4.622S14.552,7.378,12,7.378z M12,15 c-1.657,0-3-1.343-3-3s1.343-3,3-3s3,1.343,3,3S13.657,15,12,15z M16.804,6.116c-0.596,0-1.08,0.484-1.08,1.08 s0.484,1.08,1.08,1.08c0.596,0,1.08-0.484,1.08-1.08S17.401,6.116,16.804,6.116z\"><\/path><\/svg><span class=\"wp-block-social-link-label screen-reader-text\">Instagram<\/span><\/a><\/li>\n\n<li class=\"wp-social-link wp-social-link-pinterest  wp-block-social-link\"><a href=\"https:\/\/pin.it\/4ZCFocbkb\" class=\"wp-block-social-link-anchor\"><svg width=\"24\" height=\"24\" viewBox=\"0 0 24 24\" version=\"1.1\" xmlns=\"http:\/\/www.w3.org\/2000\/svg\" aria-hidden=\"true\" focusable=\"false\"><path d=\"M12.289,2C6.617,2,3.606,5.648,3.606,9.622c0,1.846,1.025,4.146,2.666,4.878c0.25,0.111,0.381,0.063,0.439-0.169 c0.044-0.175,0.267-1.029,0.365-1.428c0.032-0.128,0.017-0.237-0.091-0.362C6.445,11.911,6.01,10.75,6.01,9.668 c0-2.777,2.194-5.464,5.933-5.464c3.23,0,5.49,2.108,5.49,5.122c0,3.407-1.794,5.768-4.13,5.768c-1.291,0-2.257-1.021-1.948-2.277 c0.372-1.495,1.089-3.112,1.089-4.191c0-0.967-0.542-1.775-1.663-1.775c-1.319,0-2.379,1.309-2.379,3.059 c0,1.115,0.394,1.869,0.394,1.869s-1.302,5.279-1.54,6.261c-0.405,1.666,0.053,4.368,0.094,4.604 c0.021,0.126,0.167,0.169,0.25,0.063c0.129-0.165,1.699-2.419,2.142-4.051c0.158-0.59,0.817-2.995,0.817-2.995 c0.43,0.784,1.681,1.446,3.013,1.446c3.963,0,6.822-3.494,6.822-7.833C20.394,5.112,16.849,2,12.289,2\"><\/path><\/svg><span class=\"wp-block-social-link-label screen-reader-text\">Pinterest<\/span><\/a><\/li>\n\n<li class=\"wp-social-link wp-social-link-mail  wp-block-social-link\"><a href=\"mailto:&#098;lu&#101;j&#117;ng&#108;&#101;&#115;&#104;op&#064;&#103;&#109;ai&#108;.com\" class=\"wp-block-social-link-anchor\"><svg width=\"24\" height=\"24\" viewBox=\"0 0 24 24\" version=\"1.1\" xmlns=\"http:\/\/www.w3.org\/2000\/svg\" aria-hidden=\"true\" focusable=\"false\"><path d=\"M19,5H5c-1.1,0-2,.9-2,2v10c0,1.1.9,2,2,2h14c1.1,0,2-.9,2-2V7c0-1.1-.9-2-2-2zm.5,12c0,.3-.2.5-.5.5H5c-.3,0-.5-.2-.5-.5V9.8l7.5,5.6,7.5-5.6V17zm0-9.1L12,13.6,4.5,7.9V7c0-.3.2-.5.5-.5h14c.3,0,.5.2.5.5v.9z\"><\/path><\/svg><span class=\"wp-block-social-link-label screen-reader-text\">E-mail<\/span><\/a><\/li><\/ul>\n\n\n\n<p><\/p>\n","protected":false},"excerpt":{"rendered":"<p>Contactez-moi Email : bluejungleshop@gmail.comT\u00e9l\u00e9phone : +33 (0)6 30 89 51 10 R\u00e9seaux sociaux Rejoignez-moi sur nos r\u00e9seaux pour suivre les derni\u00e8res nouveaut\u00e9s et d\u00e9couvrir en avant-premi\u00e8re les cr\u00e9ations : Formulaire de contact Laissez-moi un message via le formulaire ci-dessous, et je reviendrais vers vous dans les meilleurs d\u00e9lais :<\/p>\n","protected":false},"author":1,"featured_media":0,"parent":0,"menu_order":0,"comment_status":"closed","ping_status":"closed","template":"","meta":{"_themeisle_gutenberg_block_has_review":false,"footnotes":""},"class_list":["post-95","page","type-page","status-publish","hentry"],"aioseo_notices":[],"jetpack_sharing_enabled":true,"jetpack-related-posts":[{"id":414,"url":"https:\/\/bluejungleshop.com\/index.php\/page-des-articles\/","url_meta":{"origin":95,"position":0},"title":"Page des articles","author":"Blue Jungle","date":"13 novembre 2024","format":false,"excerpt":"","rel":"","context":"Article similaire","block_context":{"text":"Article similaire","link":""},"img":{"alt_text":"","src":"","width":0,"height":0},"classes":[]},{"id":2,"url":"https:\/\/bluejungleshop.com\/index.php\/realisations\/","url_meta":{"origin":95,"position":1},"title":"R\u00e9alisations","author":"Blue Jungle","date":"4 novembre 2024","format":false,"excerpt":"Entrez dans l'univers Blue Jungle en photos D\u00e9couvrez Blue Jungle \u00e0 travers cette galerie photo, un espace o\u00f9 cr\u00e9ativit\u00e9 et savoir-faire se rencontrent. Porte bougie fleur Porte bougie d'antan Oranges s\u00e9ch\u00e9es","rel":"","context":"Article similaire","block_context":{"text":"Article similaire","link":""},"img":{"alt_text":"Illustration des oranges s\u00e9ch\u00e9es","src":"https:\/\/i0.wp.com\/bluejungleshop.com\/wp-content\/uploads\/2024\/11\/Lamour-de-lodeur-fruitee-des-Oranges-sechees-150x150.jpg?resize=350%2C200&ssl=1","width":350,"height":200,"srcset":"https:\/\/i0.wp.com\/bluejungleshop.com\/wp-content\/uploads\/2024\/11\/Lamour-de-lodeur-fruitee-des-Oranges-sechees-150x150.jpg?resize=350%2C200&ssl=1 1x, https:\/\/i0.wp.com\/bluejungleshop.com\/wp-content\/uploads\/2024\/11\/Lamour-de-lodeur-fruitee-des-Oranges-sechees-150x150.jpg?resize=525%2C300&ssl=1 1.5x, https:\/\/i0.wp.com\/bluejungleshop.com\/wp-content\/uploads\/2024\/11\/Lamour-de-lodeur-fruitee-des-Oranges-sechees-150x150.jpg?resize=700%2C400&ssl=1 2x, https:\/\/i0.wp.com\/bluejungleshop.com\/wp-content\/uploads\/2024\/11\/Lamour-de-lodeur-fruitee-des-Oranges-sechees-150x150.jpg?resize=1050%2C600&ssl=1 3x"},"classes":[]},{"id":3,"url":"https:\/\/bluejungleshop.com\/index.php\/politique-de-confidentialite\/","url_meta":{"origin":95,"position":2},"title":"Politique de confidentialit\u00e9","author":"Blue Jungle","date":"4 novembre 2024","format":false,"excerpt":"Introduction La pr\u00e9sente politique de confidentialit\u00e9 a pour objectif de vous informer sur la mani\u00e8re dont Blue Jungle (ci-apr\u00e8s \u00ab nous \u00bb, \u00ab notre \u00bb ou \u00ab nos \u00bb) collecte, utilise, prot\u00e8ge et divulgue vos donn\u00e9es personnelles lorsque vous acc\u00e9dez \u00e0 notre site web www.bluejungle.com (ci-apr\u00e8s \u00ab le Site \u00bb),\u2026","rel":"","context":"Article similaire","block_context":{"text":"Article similaire","link":""},"img":{"alt_text":"","src":"","width":0,"height":0},"classes":[]},{"id":289,"url":"https:\/\/bluejungleshop.com\/index.php\/mentions-legales\/","url_meta":{"origin":95,"position":3},"title":"Mentions l\u00e9gales","author":"Blue Jungle","date":"9 novembre 2024","format":false,"excerpt":"1. Informations l\u00e9gales Conform\u00e9ment aux dispositions des articles 6-III et 19 de la Loi n\u00b0 2004-575 du 21 juin 2004 pour la confiance dans l\u2019\u00e9conomie num\u00e9rique, nous vous informons que : \u00c9diteur du site : Emeline ChartierNom de l'entreprise : Blue JungleAdresse de l'entreprise : 19 rue Fr\u00e9d\u00e9ric Bentayoux33 000\u2026","rel":"","context":"Article similaire","block_context":{"text":"Article similaire","link":""},"img":{"alt_text":"","src":"","width":0,"height":0},"classes":[]},{"id":38,"url":"https:\/\/bluejungleshop.com\/index.php\/qui-suis-je\/","url_meta":{"origin":95,"position":4},"title":"Qui suis-je ?","author":"Blue Jungle","date":"4 novembre 2024","format":false,"excerpt":"A propos de la creatrice Emeline Chartier Passionn\u00e9e d\u2019artisanat et de cr\u00e9ations authentiques, je suis l\u2019\u00e2me derri\u00e8re Blue Jungle. Depuis toujours, j\u2019ai un amour pour les objets uniques, ceux qui racontent une histoire et qui sont fabriqu\u00e9s avec soin et intention. Mon parcours m\u2019a amen\u00e9e \u00e0 explorer diverses formes d\u2019art\u2026","rel":"","context":"Article similaire","block_context":{"text":"Article similaire","link":""},"img":{"alt_text":"","src":"https:\/\/i0.wp.com\/bluejungleshop.com\/wp-content\/uploads\/2024\/11\/Portrait.png?resize=350%2C200&ssl=1","width":350,"height":200,"srcset":"https:\/\/i0.wp.com\/bluejungleshop.com\/wp-content\/uploads\/2024\/11\/Portrait.png?resize=350%2C200&ssl=1 1x, https:\/\/i0.wp.com\/bluejungleshop.com\/wp-content\/uploads\/2024\/11\/Portrait.png?resize=525%2C300&ssl=1 1.5x, https:\/\/i0.wp.com\/bluejungleshop.com\/wp-content\/uploads\/2024\/11\/Portrait.png?resize=700%2C400&ssl=1 2x, https:\/\/i0.wp.com\/bluejungleshop.com\/wp-content\/uploads\/2024\/11\/Portrait.png?resize=1050%2C600&ssl=1 3x"},"classes":[]},{"id":23,"url":"https:\/\/bluejungleshop.com\/index.php\/vision-mission-valeurs\/","url_meta":{"origin":95,"position":5},"title":"Vision, Mission &amp; Valeurs","author":"Blue Jungle","date":"4 novembre 2024","format":false,"excerpt":"Vision Cr\u00e9er un univers intemporel o\u00f9 l\u2019artisanat et l'authenticit\u00e9 deviennent des essentiels du quotidien.Chez Blue Jungle, chaque objet a le potentiel de transformer un espace, d\u2019enrichir un style, et de raconter une histoire. Nous aspirons \u00e0 devenir une r\u00e9f\u00e9rence pour ceux qui recherchent des pi\u00e8ces uniques, faites main, qui allient\u2026","rel":"","context":"Article similaire","block_context":{"text":"Article similaire","link":""},"img":{"alt_text":"","src":"","width":0,"height":0},"classes":[]}],"_links":{"self":[{"href":"https:\/\/bluejungleshop.com\/index.php\/wp-json\/wp\/v2\/pages\/95","targetHints":{"allow":["GET"]}}],"collection":[{"href":"https:\/\/bluejungleshop.com\/index.php\/wp-json\/wp\/v2\/pages"}],"about":[{"href":"https:\/\/bluejungleshop.com\/index.php\/wp-json\/wp\/v2\/types\/page"}],"author":[{"embeddable":true,"href":"https:\/\/bluejungleshop.com\/index.php\/wp-json\/wp\/v2\/users\/1"}],"replies":[{"embeddable":true,"href":"https:\/\/bluejungleshop.com\/index.php\/wp-json\/wp\/v2\/comments?post=95"}],"version-history":[{"count":15,"href":"https:\/\/bluejungleshop.com\/index.php\/wp-json\/wp\/v2\/pages\/95\/revisions"}],"predecessor-version":[{"id":435,"href":"https:\/\/bluejungleshop.com\/index.php\/wp-json\/wp\/v2\/pages\/95\/revisions\/435"}],"wp:attachment":[{"href":"https:\/\/bluejungleshop.com\/index.php\/wp-json\/wp\/v2\/media?parent=95"}],"curies":[{"name":"wp","href":"https:\/\/api.w.org\/{rel}","templated":true}]}}